{"id":658,"date":"2018-08-18T10:20:00","date_gmt":"2018-08-18T08:20:00","guid":{"rendered":"https:\/\/menkijarvenms.fi\/wp\/?page_id=658"},"modified":"2024-07-18T11:37:23","modified_gmt":"2024-07-18T09:37:23","slug":"seuran-saannot","status":"publish","type":"page","link":"https:\/\/menkijarvenms.fi\/wp\/?page_id=658","title":{"rendered":"Seuran s\u00e4\u00e4nn\u00f6t"},"content":{"rendered":"\n<figure class=\"wp-block-table\"><table><tbody><tr><td><br><strong>Voimassa olevat s\u00e4\u00e4nn\u00f6t<\/strong><br><br>Voimassaolon alku 21.5.2024 10:41:42<br><strong>1\u00a7 YHDISTYKSEN NIMI JA KOTIKUNTA<\/strong><br>Yhdistyksen nimi: Menkij\u00e4rven mets\u00e4stysseura ry<br>Kotipaikka: Alaj\u00e4rven kaupunki<br>Piiri: Suomen Mets\u00e4st\u00e4j\u00e4liiton Pohjanmaan piiri ry.<br>Perustamisaika: 17.09.1973<br>Seura kuuluu toimialueensa Suomen Mets\u00e4st\u00e4j\u00e4liiton piiriin. Piirin j\u00e4senen\u00e4 seura noudattaa piirin s\u00e4\u00e4nt\u00f6j\u00e4 ja m\u00e4\u00e4r\u00e4yksi\u00e4.<br>\u00a0<br><strong>2\u00a7 SEURAN TARKOITUS JA TOIMINNAN LAATU<\/strong><br>Yhdistyksen tarkoituksena on harjoittaa<br>1) mets\u00e4stysmahdollisuuksien tarjoamista j\u00e4senilleen<br>2) j\u00e4rkiper\u00e4ist\u00e4 mets\u00e4styst\u00e4 kest\u00e4v\u00e4n k\u00e4yt\u00f6n periaatteita noudattaen<br>3) edist\u00e4\u00e4 turvallista ja eettist\u00e4 mets\u00e4styst\u00e4 ja<br>4) edist\u00e4\u00e4 nuorten p\u00e4\u00e4semist\u00e4 mets\u00e4stysharrastuksen pariin ja heid\u00e4n mahdollisuuttansa kasvaa aktiivisiksi ja vastuullisiksi mets\u00e4st\u00e4jiksi.<br>Tarkoituksena toteuttamiseksi yhdistys<br>1) hankkii k\u00e4ytt\u00f6\u00f6ns\u00e4 soveltuvia mets\u00e4stys- ja riistanhoitoalueita<br>2) seura voi omistaa toimintaansa varten tarpeellista irtainta ja kiinte\u00e4\u00e4 omaisuutta<br>3) opastamalla turvalliseen ja eettiseen mets\u00e4stykseen sek\u00e4 mets\u00e4stystaitojen harjoitteluun<br>4) tarjoamalla nuorille mahdollisuuksia tutustua ja osallistua toimintaan<br>\u00a0<br><strong>3\u00a7 SEURAN J\u00c4SENET<\/strong><br>Seuran j\u00e4senmuotoja ovat:<br>1.\u00a0\u00a0\u00a0\u00a0\u00a0\u00a0\u00a0 Koej\u00e4sen<br>2.\u00a0\u00a0\u00a0\u00a0\u00a0\u00a0\u00a0 Varsinainen j\u00e4sen<br>3.\u00a0\u00a0\u00a0\u00a0\u00a0\u00a0\u00a0 Kilpailijaj\u00e4sen<br>4.\u00a0\u00a0\u00a0\u00a0\u00a0\u00a0\u00a0 Kunniapuheenjohtaja<br>5.\u00a0\u00a0\u00a0\u00a0\u00a0\u00a0\u00a0 Kunniaj\u00e4sen ja<br>6.\u00a0\u00a0\u00a0\u00a0\u00a0\u00a0\u00a0 Kannatusj\u00e4sen<br>Yhdistykseen j\u00e4seneksi voi liitty\u00e4 jokainen, joka hyv\u00e4ksyy yhdistyksen tarkoituksen ja s\u00e4\u00e4nn\u00f6t. J\u00e4senet hyv\u00e4ksyy hakemuksesta yhdistyksen hallitus.<br>\u00a0<br><strong>4\u00a7 LIITTYMIS- JA J\u00c4SENMAKSU SEK\u00c4 MUUT VELVOLLISUUDET<\/strong><br>Koej\u00e4senyys kest\u00e4\u00e4 enint\u00e4\u00e4n 2 vuotta, jonka aikana seura voi harkintansa mukaan erottaa koej\u00e4senen. Koej\u00e4sen maksaa j\u00e4senmaksun voimassa olevan j\u00e4senmaksun mukaan. Kun koej\u00e4senyys on kest\u00e4nyt 2 vuotta, koej\u00e4sen voidaan p\u00e4\u00e4tt\u00e4\u00e4 ottaa varsinaiseksi j\u00e4seneksi, mink\u00e4 yhteydess\u00e4 j\u00e4sen maksaa seuralle my\u00f6s liittymismaksun. Koej\u00e4senen on my\u00f6s osallistuttava seuran talkoot\u00f6ihin.<br>J\u00e4senilt\u00e4 peritt\u00e4v\u00e4n liittymismaksu ja vuotuisen j\u00e4senmaksu suuruudesta p\u00e4\u00e4tt\u00e4\u00e4 vuosikokous.<br>Seuran j\u00e4sen sitoutuu noudattamaan hyvi\u00e4 mets\u00e4stystapoja sek\u00e4 toimintaa seuran edun mukaisesti ja edist\u00e4m\u00e4\u00e4n mets\u00e4stysseuratoiminnalle tarkoituksenmukaista yhteishenke\u00e4.<br>J\u00e4sen on velvollinen vuokraamaan vastikkeetta seuran alueen sis\u00e4ll\u00e4 tai alueeseen liittyvien omistamiensa maiden t\u00e4yden mets\u00e4stysoikeuden seuran k\u00e4ytt\u00f6\u00f6n. Velvollisuus koskee koko j\u00e4senen\u00e4 olon aikaa.<br>Uudet j\u00e4senhakemukset k\u00e4sitell\u00e4\u00e4n sek\u00e4 vuosikokouksessa sek\u00e4 kes\u00e4kokouksessa. Kes\u00e4kokouksessa j\u00e4seneksi hakevan henkil\u00f6n pit\u00e4\u00e4 olla paikalla ja maksaa heti j\u00e4senmaksu k\u00e4teisell\u00e4 kokouksen loputtua.<br>J\u00e4senell\u00e4, jonka j\u00e4senmaksu on maksamatta yksi viikko er\u00e4p\u00e4iv\u00e4n j\u00e4lkeen, ei ole mets\u00e4stysoikeutta seuran alueille, eik\u00e4 \u00e4\u00e4nioikeutta seuran kokouksissa ennen maksun suorittamista. Ennen s\u00e4\u00e4nt\u00f6jen mukaista erottamisk\u00e4sittely\u00e4 j\u00e4senelle on l\u00e4hetett\u00e4v\u00e4 muistutuslasku er\u00e4p\u00e4ivineen. Kahden vuoden kuluttua maksamatta j\u00e4\u00e4neest\u00e4 muistutuslaskusta j\u00e4sen erotetaan, ellei j\u00e4sent\u00e4 t\u00e4t\u00e4 ennen ole erotettu.<br>J\u00e4sen on velvollinen ilmoittamaan muuttuneet yhteystietonsa seuran sihteerille kolmen (3) kuukauden sis\u00e4ll\u00e4 niiden muuttumisesta.<br>\u00a0<br><strong>5\u00a7 SEURASTA EROAMINEN<\/strong><br>J\u00e4senell\u00e4 on oikeus milloin tahansa erota seurasta ilmoittamalla siit\u00e4 kirjallisesti seuran hallitukselle tai sen puheenjohtajalle. J\u00e4sen voi my\u00f6s erota ilmoittamalla siit\u00e4 seuran kokouksessa p\u00f6yt\u00e4kirjaan merkitt\u00e4v\u00e4ksi.<br>\u00a0<br><strong>6\u00a7 SEURASTA EROTTAMINEN JA MUUT KURINPITORANGAISTUKSET<\/strong><br>Seuran kokous voi erottaa j\u00e4senen, joka<br>1) laiminly\u00f6 n\u00e4iss\u00e4 s\u00e4\u00e4nn\u00f6iss\u00e4 mainittujen maksujen suorittamisen;<br>2) toimii seuran s\u00e4\u00e4nt\u00f6jen tai hyvien mets\u00e4stystapojen vastaisesti;<br>3) rikkoo mets\u00e4stys koskevia lakeja, asetuksia tai m\u00e4\u00e4r\u00e4yksi\u00e4 tai<br>4) toimii seuran tarkoitusperien vastaisesti;<br>5) toiminnallaan vahingoittaa seuran toimintaa tai<br>6) pid\u00e4tt\u00e4ytyy vuokraamasta seuran mets\u00e4stysaleen sis\u00e4ll\u00e4 tai alueeseen liittyvien omistamiensa maiden mets\u00e4stysoikeutta seuralle tai rajoittaa niill\u00e4 mets\u00e4st\u00e4mist\u00e4.<br>Seuran hallitus voi erottamisen sijasta m\u00e4\u00e4r\u00e4t\u00e4 j\u00e4senelle maksimissaan kaksi vuotta kest\u00e4v\u00e4n m\u00e4\u00e4r\u00e4aikaisen erottamisen, maksimissaan vuoden kest\u00e4v\u00e4n m\u00e4\u00e4r\u00e4aikaisen mets\u00e4styskiellon tai antaa varoituksen tai huomautuksen.<br>Ennen p\u00e4\u00e4t\u00f6ksentekoa hallituksen on varattava asianomaiselle j\u00e4senelle tilaisuus selityksen antamiseen asiasta, jollei erottamisen syyn\u00e4 ole j\u00e4senmaksun maksamatta j\u00e4tt\u00e4minen.<br>Eroava tai erotettu j\u00e4sen on velvollinen suorittamaan h\u00e4nelle kuuluvat maksut, eik\u00e4 h\u00e4nell\u00e4 ole oikeutta saada mit\u00e4\u00e4n seuran kiinte\u00e4st\u00e4 tai irtaimesta omaisuudesta.<br>\u00a0<br><strong>7\u00a7 SEURAN VARSINAISET JA YLIM\u00c4\u00c4R\u00c4ISET KOKOUKSET<\/strong><br>Seura pit\u00e4\u00e4 vuosikokouksen helmi-maaliskuussa. Kokouksen kutsutavan, paikan ja tarkemman ajan m\u00e4\u00e4r\u00e4\u00e4 hallitus, ellei siit\u00e4 ole p\u00e4\u00e4tetty vuosikokouksessa. Kutsu varsinaiseen ja ylim\u00e4\u00e4r\u00e4iseen seuran kokoukseen on saatettava j\u00e4senen tietoon v\u00e4hint\u00e4\u00e4n 7 p\u00e4iv\u00e4\u00e4 ennen kokousta. P\u00e4\u00e4tetyn ilmoitustavan lis\u00e4ksi voidaan kokouksesta tiedottaa vapaasti muillakin tavoilla.<br>1)\u00a0\u00a0\u00a0\u00a0\u00a0\u00a0\u00a0 yhdistyksen verkkosivuilla tai<br>2)\u00a0\u00a0\u00a0\u00a0\u00a0\u00a0\u00a0 kirjallisena ilmoituksen j\u00e4senille tai<br>3)\u00a0\u00a0\u00a0\u00a0\u00a0\u00a0\u00a0 s\u00e4hk\u00f6isesti tekstiviestill\u00e4, s\u00e4hk\u00f6postilla tai niit\u00e4 vastaavalla tavalla<br>\u00a0<br><strong>8\u00a7 VUOSIKOKOUSASIAT<\/strong><br>Vuosikokouksessa k\u00e4sitell\u00e4\u00e4n seuraavat asiat:<br>1)\u00a0\u00a0\u00a0\u00a0\u00a0\u00a0\u00a0 Kokouksen avaus<br>2)\u00a0\u00a0\u00a0\u00a0\u00a0\u00a0\u00a0 Valitaan kokouksen puheenjohtaja, sihteeri, kaksi p\u00f6yt\u00e4kirjantarkastajaa ja kaksi \u00e4\u00e4ntenlaskijaa,<br>3)\u00a0\u00a0\u00a0\u00a0\u00a0\u00a0\u00a0 Todetaan kokouksen laillisuus ja p\u00e4\u00e4t\u00f6svaltaisuus,<br>4)\u00a0\u00a0\u00a0\u00a0\u00a0\u00a0\u00a0 Hyv\u00e4ksyt\u00e4\u00e4n ty\u00f6j\u00e4rjestys,<br>5)\u00a0\u00a0\u00a0\u00a0\u00a0\u00a0\u00a0 Esitet\u00e4\u00e4n seuran toimintakertomus, tilinp\u00e4\u00e4t\u00f6s ja tilintarkastajien\/toiminnantarkastajien lausunto edelliselt\u00e4 vuodelta,<br>6)\u00a0\u00a0\u00a0\u00a0\u00a0\u00a0\u00a0 p\u00e4\u00e4tet\u00e4\u00e4n tilinp\u00e4\u00e4t\u00f6ksen vahvistamisesta ja vastuuvapauden my\u00f6nt\u00e4misest\u00e4 hallitukselle ja muille vastuuvelvollisille,<br>7)\u00a0\u00a0\u00a0\u00a0\u00a0\u00a0\u00a0 Vahvistetaan toiminta- ja riistanhoitosuunnitelma alkanutta toimintavuotta varten,<br>8)\u00a0\u00a0\u00a0\u00a0\u00a0\u00a0\u00a0 P\u00e4\u00e4tet\u00e4\u00e4n seuran mets\u00e4stysj\u00e4rjestelyt ja mets\u00e4styss\u00e4\u00e4nn\u00f6t ja valitaan mets\u00e4styksen johtajat<br>9)\u00a0\u00a0\u00a0\u00a0\u00a0\u00a0\u00a0 Vahvistetaan alkaneen vuoden tulo- ja menoarvio,<br>10)\u00a0\u00a0 P\u00e4\u00e4tet\u00e4\u00e4n seuran liittymis- ja j\u00e4senmaksun suuruudesta,<br>11)\u00a0\u00a0 Toimitetaan hallituksen puheenjohtajan vaali,<br>12)\u00a0\u00a0 Toimitetaan hallituksen j\u00e4senten vaali erovuoroisten tilalle,<br>13)\u00a0\u00a0 Toimitetaan toiminnantarkastajan ja h\u00e4nen henkil\u00f6kohtaisen varahenkil\u00f6ns\u00e4 vaali alkaneelle toimintavuodelle<br>14)\u00a0\u00a0 K\u00e4sitell\u00e4\u00e4n uudet j\u00e4senhakemukset,<br>15)\u00a0\u00a0 K\u00e4sitell\u00e4\u00e4n mahdolliset seuran j\u00e4senten erottamistapaukset<br>16)\u00a0\u00a0 Valitaan seuran edustajat ja heid\u00e4n varahenkil\u00f6ns\u00e4 piirikokouksiin,<br>17)\u00a0\u00a0 K\u00e4sitell\u00e4\u00e4n muut hallituksen tai seuran j\u00e4senten hallitukselle v\u00e4hint\u00e4\u00e4n kolme viikkoa ennen kokousta esitt\u00e4m\u00e4t ja kokouskutsussa mainitut asiat,<br>18)\u00a0\u00a0 P\u00e4\u00e4tet\u00e4\u00e4n Suomen Mets\u00e4st\u00e4j\u00e4liiton piirille ja RHY:lle teht\u00e4vist\u00e4 esityksist\u00e4 ja<br>19)\u00a0\u00a0 Keskustellaan muista mahdollisista esille tulevista asioista, joista ei kuitenkaan voida tehd\u00e4 p\u00e4\u00e4t\u00f6st\u00e4.<br>\u00a0<br>\u00a0<br><strong>9\u00a7 SEURAN YLIM\u00c4\u00c4R\u00c4INEN KOKOUS<\/strong><br>Seuran ylim\u00e4\u00e4r\u00e4inen kokous on pidett\u00e4v\u00e4, kun seuran kokous niin p\u00e4\u00e4tt\u00e4\u00e4 tai hallitus katsoo siihen olevan aihetta taikka v\u00e4hint\u00e4\u00e4n yksi kymmenesosa (1\/19) seuran \u00e4\u00e4nioikeutetuista j\u00e4senist\u00e4 sit\u00e4 ilmoittamansa asian k\u00e4sittely\u00e4 varten kirjallisesti hallitukselta vaatii. Ylim\u00e4\u00e4r\u00e4inen kokous on pidett\u00e4v\u00e4 kahden kuukauden kuluessa vaatimuksen esitt\u00e4misest\u00e4. Kokouskutsusta on voimassa, mit\u00e4 varsinaisista kokouksista on p\u00e4\u00e4tetty.<br>\u00a0<br><strong>10\u00a7 SEURAN P\u00c4\u00c4T\u00d6KSENTEKOJ\u00c4RJESTYS<\/strong><br>Seuran p\u00e4\u00e4t\u00f6kset tehd\u00e4\u00e4n yksinkertaisella \u00e4\u00e4ntenenemmist\u00f6ll\u00e4. \u00c4\u00e4nten sattuessa tasan ratkaisee puheenjohtajan \u00e4\u00e4ni paitsi vaaleissa arpa.<br>Jokaisella kokoukseen menness\u00e4 er\u00e4\u00e4ntyv\u00e4n liittymismaksun ja j\u00e4senmaksun maksaneella j\u00e4senell\u00e4 on yksi \u00e4\u00e4ni. Valtakirjalla ei saa \u00e4\u00e4nest\u00e4\u00e4.<br>Kokoukseen voidaan osallistua my\u00f6s tietoliikenneyhteyden tai muun teknisen apuv\u00e4lineen avulla kokouksen aikana, jos hallitus niin p\u00e4\u00e4tt\u00e4\u00e4 ja asia mainitaan kokouskutsussa. Et\u00e4-\u00e4\u00e4nestyksess\u00e4 ja -vaaleissa menetell\u00e4\u00e4n siten, kuin yhdistyksen hyv\u00e4ksym\u00e4\u00e4n \u00e4\u00e4nestys- ja vaalij\u00e4rjestykseen on otettu tarvittavat \u00e4\u00e4nestyst\u00e4 ja vaalia koskevat yhdistyslain s\u00e4\u00e4nn\u00f6ksi\u00e4 ja yhdistyksen s\u00e4\u00e4nt\u00f6j\u00e4 t\u00e4ydent\u00e4v\u00e4t m\u00e4\u00e4r\u00e4ykset. Yhdistyksen s\u00e4\u00e4nt\u00f6j\u00e4 muuttaessa et\u00e4yhteytt\u00e4 ei kuitenkaan voida k\u00e4ytt\u00e4\u00e4.<br>S\u00e4\u00e4nt\u00f6jen muuttamisesta, seuran purkamisesta tai seuran omaisuuden p\u00e4\u00e4osan luovuttamisesta koskevassa asiassa seuran p\u00e4\u00e4t\u00f6kseksi tulee se mielipide, jota on kannattanut kolme nelj\u00e4sosaa (3\/4) \u00e4\u00e4nestyksess\u00e4 annetuista \u00e4\u00e4nist\u00e4.<br>\u00a0<br><strong>11\u00a7 SEURAN TILI- JA TOIMINTAVUOSI<\/strong><br>Seuran tili ja toimintavuosi on kalenterivuosi. Hallituksen tulee luovuttaa tilit ja tilinp\u00e4\u00e4t\u00f6s tilintarkastajille\/toiminnantarkastajille tarkastettavaksi v\u00e4hint\u00e4\u00e4n kuukausi ennen vuosikokousta. Tilintarkastajien\/toiminnantarkastajien on annettava lausuntoja hallitukselle v\u00e4hint\u00e4\u00e4n kaksi viikkoa ennen vuosikokousta. Tilinp\u00e4\u00e4t\u00f6s p\u00e4ivitet\u00e4\u00e4n sille p\u00e4iv\u00e4lle, jona se allekirjoitetaan. Allekirjoituksen tekee sill\u00e4 hetkell\u00e4 p\u00e4\u00e4t\u00f6svaltainen hallitus.<br>\u00a0<br><strong>12\u00a7 SEURAN HALLITUS JA SEN EROVUOROISUUS<\/strong><br>Seuran toimintaa johtaa ja sen taloudenhoidosta sek\u00e4 omaisuudesta huolehtii ja vastaa sek\u00e4 seuraan edustaa vuosikokouksen valitsema hallitus. Hallituksen vastuukausi on vuosikokousten v\u00e4linen aika.<br>Hallitukseen kuuluu yhdeksi vuodeksi valittu puheenjohtaja ja kahdeksi vuodeksi valitut 2-8 j\u00e4sent\u00e4 sek\u00e4 0-8 varaj\u00e4sent\u00e4.<br>Hallituksen j\u00e4senist\u00e4 on vuosittain erovuorossa puolet. Ensimm\u00e4isell\u00e4 kerralla eroaa arvan perusteella puolet hallituksen j\u00e4senist\u00e4. T\u00e4m\u00e4n j\u00e4lkeen erovuoroisuus m\u00e4\u00e4r\u00e4ytyy vuoron mukaan. Jos j\u00e4sen kesken toimintakauttaan estyy teht\u00e4v\u00e4ns\u00e4 hoitamisesta, seuran kokous valitsee h\u00e4nen tilalleen j\u00e4ljell\u00e4 olevaksi toimintakaudeksi uuden j\u00e4senen, mik\u00e4li katsoo sen tarpeelliseksi. Hallitus valitsee t\u00e4ysi-ik\u00e4isten j\u00e4sentens\u00e4 keskuudesta varapuheenjohtajan sek\u00e4 lis\u00e4ksi sihteerin ja taloudenhoitajan, jotka voidaan valita my\u00f6s hallituksen ulkopuolelta. Hallitus kokoontuu puheenjohtajan tai h\u00e4nen ollessa estynyt, varapuheenjohtajansa kutsusta, milloin n\u00e4m\u00e4 katsovat kokouksen tarpeelliseksi tai kun puolet hallituksen j\u00e4senist\u00e4 sit\u00e4 kirjallisesti heilt\u00e4 vaatii.<br>\u00a0<br><strong>13\u00a7 P\u00c4\u00c4T\u00d6SVALTAISUUS<\/strong><br>Hallitus on p\u00e4\u00e4t\u00f6svaltainen silloin, kun puheenjohtaja tai h\u00e4nen estyneen\u00e4 ollessaan varapuheenjohtaja sek\u00e4 v\u00e4hint\u00e4\u00e4n puolet muista j\u00e4senist\u00e4 on saapuvilla fyysisesti kokouspaikalla tai tietoliikenneyhteyden tai muun teknisen apuv\u00e4lineen avulla. Et\u00e4osallistumisen ja salaisen \u00e4\u00e4nestyksen teknisest\u00e4 toteutustavasta p\u00e4\u00e4tt\u00e4\u00e4 hallitus. Et\u00e4osallistuminen voi tapahtua vain kokouksen aikana.<br>\u00a0<br><strong>14\u00a7 SEURAN NIMENKIRJOITTAJAT<\/strong><br>Seuran nimen kirjoittaa puheenjohtaja tai varapuheenjohtaja tai sihteeri kukin erikseen.<br>\u00a0<br><strong>15\u00a7 HALLITUKSEN TEHT\u00c4V\u00c4T<\/strong><br>Hallituksen teht\u00e4v\u00e4 on erityisesti<br>1) suunnitella ja kehitt\u00e4\u00e4 seuran kokonaistoimintaa sek\u00e4 johtaa seuran toimintaa sen tarkoituksen ja tavoitteiden mukaisesti;<br>2) vahvistaa teht\u00e4v\u00e4njako keskuudessaan sek\u00e4 valita tarvittavat toimikunnat, valiokunnat, jaostot ja ty\u00f6ryhm\u00e4t suorittamaan niille m\u00e4\u00e4r\u00e4ttyj\u00e4 hallituksen vastuullisia teht\u00e4vi\u00e4;<br>3) nimet\u00e4 edustajat Suomen Mets\u00e4st\u00e4j\u00e4liiton piirin kokouksiin, ellei seuran vuosikokous ole asiasta jo p\u00e4\u00e4tt\u00e4nyt;<br>4) vastata seuran j\u00e4senluettelon pit\u00e4misen toteuttamisesta;<br>5) hoitaa huolellisesti seuran taloutta ja omaisuutta;<br>6) valita sek\u00e4 tarvittaessa erottaa seuran toimihenkil\u00f6t;<br>7) p\u00e4\u00e4tt\u00e4\u00e4 seuran ansiomerkkien ja huomionosoitusten my\u00f6nt\u00e4misest\u00e4 sek\u00e4 tehd\u00e4 esityksi\u00e4 muista huomionosoituksista;<br>8) tehd\u00e4 mets\u00e4stysvuokra- ja muut mets\u00e4stysalueiden k\u00e4ytt\u00f6\u00e4 koskevat sopimukset sek\u00e4<br>9) p\u00e4\u00e4tt\u00e4\u00e4 seuran sis\u00e4isist\u00e4 kurinpitotoiminnoista mit\u00e4 s\u00e4\u00e4nn\u00f6iss\u00e4 niist\u00e4 on m\u00e4\u00e4r\u00e4tty ja<br>10) ryhty\u00e4 kaikkiin toimenpiteisiin, joita seuran etu vaatii.<br>\u00a0<br><strong>16\u00a7 SEURAN VAROJEN JA ARKISTON SIIRTO SEURAN PURKAUTUESSA<\/strong><br>Jos seura puretaan, k\u00e4ytet\u00e4\u00e4n sen j\u00e4ljelle j\u00e4\u00e4neet varat viimeisen kokouksen p\u00e4\u00e4t\u00f6ksen mukaisesti johonkin seuran toimintaan l\u00e4hell\u00e4 olevaan tarkoitukseen. Seuran tullessa lakkautetuksi, sen varat luovutetaan Suomen Mets\u00e4stysliiton piirille, jonka toimialueella seura sijaitsee.<br>Seuran arkisto siirret\u00e4\u00e4n Suomen Mets\u00e4stysmuseo -Finlands Jaktmuseum ry:lle. Seuran purkautumisesta on teht\u00e4v\u00e4 ilmoitus yhdistysrekisteriviranomaisen lis\u00e4ksi Suomen Mets\u00e4st\u00e4j\u00e4liiton piirille, jonka j\u00e4sen seura on.<br>\u00a0<\/td><\/tr><\/tbody><\/table><\/figure>\n","protected":false},"excerpt":{"rendered":"<p>Voimassa olevat s\u00e4\u00e4nn\u00f6t Voimassaolon alku 21.5.2024 10:41:421\u00a7 YHDISTYKSEN NIMI JA KOTIKUNTAYhdistyksen nimi: Menkij\u00e4rven mets\u00e4stysseura ryKotipaikka: Alaj\u00e4rven kaupunkiPiiri: Suomen Mets\u00e4st\u00e4j\u00e4liiton Pohjanmaan piiri ry.Perustamisaika: 17.09.1973Seura kuuluu toimialueensa Suomen Mets\u00e4st\u00e4j\u00e4liiton piiriin. Piirin j\u00e4senen\u00e4 seura noudattaa piirin s\u00e4\u00e4nt\u00f6j\u00e4 ja m\u00e4\u00e4r\u00e4yksi\u00e4.\u00a02\u00a7 SEURAN TARKOITUS JA TOIMINNAN LAATUYhdistyksen tarkoituksena on harjoittaa1) mets\u00e4stysmahdollisuuksien tarjoamista j\u00e4senilleen2) j\u00e4rkiper\u00e4ist\u00e4 mets\u00e4styst\u00e4 kest\u00e4v\u00e4n k\u00e4yt\u00f6n periaatteita noudattaen3) edist\u00e4\u00e4 turvallista &hellip; <\/p>\n<p class=\"link-more\"><a href=\"https:\/\/menkijarvenms.fi\/wp\/?page_id=658\" class=\"more-link\">Jatka lukemista<span class=\"screen-reader-text\"> &#8221;Seuran s\u00e4\u00e4nn\u00f6t&#8221;<\/span><\/a><\/p>\n","protected":false},"author":1,"featured_media":0,"parent":32,"menu_order":2,"comment_status":"closed","ping_status":"closed","template":"","meta":{"footnotes":""},"class_list":["post-658","page","type-page","status-publish","hentry"],"jetpack_sharing_enabled":true,"_links":{"self":[{"href":"https:\/\/menkijarvenms.fi\/wp\/index.php?rest_route=\/wp\/v2\/pages\/658","targetHints":{"allow":["GET"]}}],"collection":[{"href":"https:\/\/menkijarvenms.fi\/wp\/index.php?rest_route=\/wp\/v2\/pages"}],"about":[{"href":"https:\/\/menkijarvenms.fi\/wp\/index.php?rest_route=\/wp\/v2\/types\/page"}],"author":[{"embeddable":true,"href":"https:\/\/menkijarvenms.fi\/wp\/index.php?rest_route=\/wp\/v2\/users\/1"}],"replies":[{"embeddable":true,"href":"https:\/\/menkijarvenms.fi\/wp\/index.php?rest_route=%2Fwp%2Fv2%2Fcomments&post=658"}],"version-history":[{"count":6,"href":"https:\/\/menkijarvenms.fi\/wp\/index.php?rest_route=\/wp\/v2\/pages\/658\/revisions"}],"predecessor-version":[{"id":920,"href":"https:\/\/menkijarvenms.fi\/wp\/index.php?rest_route=\/wp\/v2\/pages\/658\/revisions\/920"}],"up":[{"embeddable":true,"href":"https:\/\/menkijarvenms.fi\/wp\/index.php?rest_route=\/wp\/v2\/pages\/32"}],"wp:attachment":[{"href":"https:\/\/menkijarvenms.fi\/wp\/index.php?rest_route=%2Fwp%2Fv2%2Fmedia&parent=658"}],"curies":[{"name":"wp","href":"https:\/\/api.w.org\/{rel}","templated":true}]}}