{"id":34,"date":"2018-01-09T15:23:10","date_gmt":"2018-01-09T13:23:10","guid":{"rendered":"https:\/\/menkijarvenms.fi\/wp\/?page_id=34"},"modified":"2025-08-05T22:04:51","modified_gmt":"2025-08-05T20:04:51","slug":"ajankohtaista","status":"publish","type":"page","link":"https:\/\/menkijarvenms.fi\/wp\/?page_id=34","title":{"rendered":"Ajankohtaista"},"content":{"rendered":"\n<p><a href=\"https:\/\/menkijarvenms.fi\/wp\/?page_id=33\">Mets\u00e4stys -sivulle<\/a> p\u00e4ivitetty kauden saaliskiinti\u00f6t ja tiedot mets\u00e4styksist\u00e4!<\/p>\n\n\n\n<p>Kaudella 2025-2025 jatketaan edelleen mets\u00e4styksen valvontaa ja saalis\/havaintomerkint\u00f6j\u00e4 Omariistan kautta.<br><br>Omariistassa (<a href=\"http:\/\/www.omariista.fi\" data-type=\"link\" data-id=\"www.omariista.fi\">www.omariista.fi<\/a>) omissa tiedoissa l\u00f6ytyy &#8221;seura&#8221; kohta. <br>Sielt\u00e4 l\u00f6ytyy Menkij\u00e4rven mets\u00e4stysseuran kutsu, joka jokaisen t\u00e4ytyy verkkosivustolla k\u00e4yd\u00e4 hyv\u00e4ksym\u00e4ss\u00e4. Jos et ole viel\u00e4 k\u00e4ynyt, niin k\u00e4y se tekem\u00e4ss\u00e4. N\u00e4in seuran alueella tehdyt saalisilmoitukset n\u00e4kyv\u00e4t seuran tilastoissa.<br><a href=\"https:\/\/www.youtube.com\/watch?v=5Jow7kOiXs8\" target=\"_blank\" rel=\"noreferrer noopener\">Ohjeet kutsun hyv\u00e4ksymiseen liiton ohjevideolta!<\/a><\/p>\n\n\n\n<p><br><\/p>\n\n\n\n<p><\/p>\n","protected":false},"excerpt":{"rendered":"<p>Mets\u00e4stys -sivulle p\u00e4ivitetty kauden saaliskiinti\u00f6t ja tiedot mets\u00e4styksist\u00e4! Kaudella 2025-2025 jatketaan edelleen mets\u00e4styksen valvontaa ja saalis\/havaintomerkint\u00f6j\u00e4 Omariistan kautta. Omariistassa (www.omariista.fi) omissa tiedoissa l\u00f6ytyy &#8221;seura&#8221; kohta. Sielt\u00e4 l\u00f6ytyy Menkij\u00e4rven mets\u00e4stysseuran kutsu, joka jokaisen t\u00e4ytyy verkkosivustolla k\u00e4yd\u00e4 hyv\u00e4ksym\u00e4ss\u00e4. Jos et ole viel\u00e4 k\u00e4ynyt, niin k\u00e4y se tekem\u00e4ss\u00e4. N\u00e4in seuran alueella tehdyt saalisilmoitukset n\u00e4kyv\u00e4t seuran tilastoissa.Ohjeet kutsun hyv\u00e4ksymiseen &hellip; <\/p>\n<p class=\"link-more\"><a href=\"https:\/\/menkijarvenms.fi\/wp\/?page_id=34\" class=\"more-link\">Jatka lukemista<span class=\"screen-reader-text\"> &#8221;Ajankohtaista&#8221;<\/span><\/a><\/p>\n","protected":false},"author":1,"featured_media":0,"parent":0,"menu_order":0,"comment_status":"closed","ping_status":"closed","template":"","meta":{"footnotes":""},"class_list":["post-34","page","type-page","status-publish","hentry"],"jetpack_sharing_enabled":true,"_links":{"self":[{"href":"https:\/\/menkijarvenms.fi\/wp\/index.php?rest_route=\/wp\/v2\/pages\/34","targetHints":{"allow":["GET"]}}],"collection":[{"href":"https:\/\/menkijarvenms.fi\/wp\/index.php?rest_route=\/wp\/v2\/pages"}],"about":[{"href":"https:\/\/menkijarvenms.fi\/wp\/index.php?rest_route=\/wp\/v2\/types\/page"}],"author":[{"embeddable":true,"href":"https:\/\/menkijarvenms.fi\/wp\/index.php?rest_route=\/wp\/v2\/users\/1"}],"replies":[{"embeddable":true,"href":"https:\/\/menkijarvenms.fi\/wp\/index.php?rest_route=%2Fwp%2Fv2%2Fcomments&post=34"}],"version-history":[{"count":85,"href":"https:\/\/menkijarvenms.fi\/wp\/index.php?rest_route=\/wp\/v2\/pages\/34\/revisions"}],"predecessor-version":[{"id":1004,"href":"https:\/\/menkijarvenms.fi\/wp\/index.php?rest_route=\/wp\/v2\/pages\/34\/revisions\/1004"}],"wp:attachment":[{"href":"https:\/\/menkijarvenms.fi\/wp\/index.php?rest_route=%2Fwp%2Fv2%2Fmedia&parent=34"}],"curies":[{"name":"wp","href":"https:\/\/api.w.org\/{rel}","templated":true}]}}