{"id":33,"date":"2018-01-09T15:23:10","date_gmt":"2018-01-09T13:23:10","guid":{"rendered":"https:\/\/menkijarvenms.fi\/wp\/?page_id=33"},"modified":"2026-02-15T20:03:44","modified_gmt":"2026-02-15T18:03:44","slug":"metsastys","status":"publish","type":"page","link":"https:\/\/menkijarvenms.fi\/wp\/?page_id=33","title":{"rendered":"Mets\u00e4stys"},"content":{"rendered":"<div class=\"uk-width-small-1-3 uk-row-first\">\n<div id=\"editable_area_custom56855d808a18ecfe6af44b999c432b3e0\" class=\"RVWYSIWYGAREA areaCustom\" data-ph=\"Editable Area. Backspace tab to remove this block.\">\n<div class=\"rv-text-center\">\n<div style=\"text-align: center;\"><span style=\"color: #ff0000;\"><strong>Mets\u00e4styskaudella tehostetaan my\u00f6s valvontaa<\/strong><\/span><strong>. <\/strong><br \/><strong>Pid\u00e4 aina mets\u00e4ll\u00e4 mukana tarvittavat asiakirjat.<\/strong><br \/><strong>Tervehdit\u00e4\u00e4n ja jutellaan aina kun t\u00f6rm\u00e4t\u00e4\u00e4n mets\u00e4ll\u00e4, <\/strong><br \/><strong><strong><strong>samalla j\u00e4senet tulisivat toisille tutuiksi.<\/strong><\/strong><\/strong><\/div>\n<div style=\"text-align: center;\"><span style=\"color: #ff0000;\"><strong>Jokainen on velvollinen tekem\u00e4\u00e4n Oma Riistaan tarvittavat saalisilmoitukset!<\/strong><\/span><\/div>\n<div>\u00a0<\/div>\n<\/div>\n<div>\u00a0<\/div>\n<div class=\"rv-text-center\">\n<div class=\"rv-text-center\"><b>Hirvenmets\u00e4stys 2025<br \/><\/b><\/div>\n<div class=\"rv-text-center\"><a id=\"1503912899902\" class=\"isLinks isInternalPage\" href=\"http:\/\/menkijarvenms.fi\/Hirvenmets%C3%A4styss%C3%A4%C3%A4nt%C3%B6.php\" target=\"_self\" rel=\"noopener noreferrer\">Hirvenmets\u00e4styss\u00e4\u00e4nt\u00f6<\/a><\/div>\n<div class=\"rv-text-center\"><b>Seuran mets\u00e4stysaluekoodi: 2HL2ATZL3M<\/b><\/div>\n<div>\u00a0<\/div>\n<div class=\"rv-text-center\"><strong>Mets\u00e4kanalinnun mets\u00e4stysajat\u00a0<\/strong><\/div>\n<\/div>\n<div class=\"rv-text-center\">\n<div class=\"rv-text-center\">Valtion asettaminen aikojen mukaisesti.\u00a0<br \/>Aluekoodina toimii seuran mets\u00e4stysaluekoodi.<\/div>\n<div class=\"rv-text-center\">\u00a0<\/div>\n<div class=\"rv-text-center\"><span style=\"font-size: 1rem;\">Mets\u00e4styskortin numeron ilmoittamalla sihteerille, saat mets\u00e4stysalueen n\u00e4kym\u00e4\u00e4n Oma Riista -palvelussa sek\u00e4 eri karttapalveluissa, jotka voit ladata omasta sovelluskaupastasi.<\/span><\/div>\n<\/div>\n<\/div>\n<\/div>\n<p><!--more--><\/p>\n<div class=\"uk-width-small-1-3\">\n<div id=\"editable_area_custom56855d808a18ecfe6af44b999c432b3e1\" class=\"RVWYSIWYGAREA areaCustom\" data-ph=\"Editable Area. Backspace tab to remove this block.\">\n<div class=\"rv-text-center\"><b>K<\/b><b style=\"font-size: 1rem;\">auriinmets\u00e4stys 2025-2026<\/b><\/div>\n<div class=\"rv-text-center\">Seurakohtainen saaliskiinti\u00f6 on 5+5.<\/div>\n<div class=\"rv-text-center\"><strong><span style=\"color: #ff0000;\">J\u00e4ljell\u00e4 5+3!<\/span><\/strong><\/div>\n<div class=\"rv-text-center\">Kaadoista v\u00e4litt\u00f6m\u00e4t ilmoitukset numeroon<strong> 040-543 7380 sek\u00e4 Omariistaan kaatoilmoitus<\/strong>.<br \/>Kaurispukkijahti on sallittua, jos seuran kiinti\u00f6ss\u00e4 on aikuisia viel\u00e4 kaatamatta.<br \/>Muista k\u00e4yd\u00e4 hyv\u00e4ksym\u00e4ss\u00e4 seuran kutsu omariistassa verkkosivuston kautta. <br \/>Mobiilisovelluksella ei kutsua pysty hyv\u00e4ksym\u00e4\u00e4n.<\/div>\n<div>\u00a0<\/div>\n<div class=\"rv-text-center\"><strong>Valkoh\u00e4nt\u00e4peuranmets\u00e4stys 2025-2026<br \/><\/strong>\n<p>Valkoh\u00e4nt\u00e4peuraseurueen perustamiskokous 6.9. klo 14.00 alkaen Mets\u00e4stysmajalla<br \/>Omariistan ja paikannussovelluksiin koodi seuran mets\u00e4stysalueen koodi <b>2HL2ATZL3M<\/b>!<\/p>\n<p>Seurueen maksut:<br \/>Kaatomaksut (vasa xx \u20ac, aikuinen xx \u20ac) ja lihat jaetaan mets\u00e4stysp\u00e4iv\u00e4n\u00e4 osallisina olevien kesken.<\/p>\n<p>Valkoh\u00e4nt\u00e4peurajahdissa toimitaan hirvenmets\u00e4styss\u00e4\u00e4nt\u00f6jen mukaisesti.<\/p>\n<\/div>\n<\/div>\n<\/div>\n<p><!--more--><\/p>\n<p><b>P\u00e4iv\u00e4kortti<\/b><\/p>\n<p>P\u00e4iv\u00e4kortin hinta 20 \u20ac ja saalis is\u00e4nn\u00e4n kiinti\u00f6st\u00e4 pois.<br \/><a href=\"https:\/\/menkijarvenms.fi\/wp\/?page_id=285\">Lunastus seuran nettisivujen lomakkeella ja maksu suoraan tilille!<\/a><\/p>\n<p><!--more--><\/p>\n<div class=\"uk-width-small-1-3\">\n<div id=\"editable_area_custom56855d808a18ecfe6af44b999c432b3e2\" class=\"RVWYSIWYGAREA areaCustom\" data-ph=\"Editable Area. Backspace tab to remove this block.\">\n<div class=\"rv-text-center\">\u00a0<\/div>\n<div class=\"rv-text-center\"><strong>Saaliskiinti\u00f6t ja seuran asettamat rauhoitukset:<\/strong>\n<ul class=\"disc\">\n<li>Teeri 2 kpl<\/li>\n<li>Pyy 2 kpl<\/li>\n<li>Metso 1 kpl \/mets\u00e4st\u00e4j\u00e4,<strong> seurakiinti\u00f6 3 kpl. <span style=\"color: #ff0000;\">J\u00c4LJELL\u00c4 2 KPL<\/span><\/strong><br \/>Kaadosta v\u00e4lit\u00f6n ilmoitus Salmenkankaan Mikolle (040-5437380) sek\u00e4 Omariistaan. <br \/><strong>MUISTA hyv\u00e4ksy\u00e4<\/strong> seuran kutsu verkkoversiossa<\/li>\n<li>Mets\u00e4j\u00e4nis 3 kpl<\/li>\n<li>Rusakolla ei kiinti\u00f6t\u00e4<\/li>\n<li><em><strong>Peltopyy RAUHOITETTU!<\/strong><\/em><\/li>\n<li><em><strong>Riekko RAUHOITETTU!<\/strong><\/em><\/li>\n<li><em><strong>Koppelo RAUHOITETTU!<br \/><\/strong><\/em><\/li>\n<\/ul>\n<\/div>\n<div class=\"rv-text-center\"><b>Muu riista 2025<\/b><\/div>\n<div class=\"rv-text-center\">Mets\u00e4stysajat <a class=\"isLinks isWebsite\" href=\"https:\/\/riista.fi\/metsastys\/metsastysajat\/\" target=\"_blank\" rel=\"noopener noreferrer\">Valtion mets\u00e4stysajat<\/a> aikojen mukaan.<br \/>Mets\u00e4kanalintujen mets\u00e4stysaika 10.9.2025 \u2014 10.11.2025<\/div>\n<div class=\"rv-text-center\"><em><strong>Joulurauha 24.-25.12. v\u00e4linen aika.<\/strong><\/em><\/div>\n<p class=\"rv-panel-box\"><b>Pienpetomets\u00e4stys<\/b> ennallaan.<\/p>\n<p><strong>Koirakokeet 2025<\/strong><br \/>Koirakokeet seuran mets\u00e4stysalueella sallitaan, mik\u00e4li mukana on my\u00f6s seuran oma koira.<\/p>\n<p><span style=\"font-weight: 400;\">Hirvikoirien koemaasto on Menkij\u00e4rventie &#8211; Per\u00e4tie v\u00e4linen alue<br \/>Piirin j\u00e4rjest\u00e4m\u00e4\u00e4n kettunajokilpailuun koko seuran alue. <br \/><\/span>Koep\u00e4ivist\u00e4 pit\u00e4\u00e4 ilmoittaa hyviss\u00e4 ajoin etuk\u00e4teen ja p\u00e4iv\u00e4t julkaistaan my\u00f6s seuran nettisivuille.<\/p>\n<p><strong>Hirvikoiran haukkurajoitus alkaa 5.10.2025!<\/strong><\/p>\n<p><strong>Karhunmets\u00e4stys 2025<\/strong><br \/>Alueella ei karhunmets\u00e4styst\u00e4 kaudella 2025-2026.<\/p>\n<\/div>\n<\/div>\n\n\n<p><\/p>\n","protected":false},"excerpt":{"rendered":"<p>Mets\u00e4styskaudella tehostetaan my\u00f6s valvontaa. Pid\u00e4 aina mets\u00e4ll\u00e4 mukana tarvittavat asiakirjat.Tervehdit\u00e4\u00e4n ja jutellaan aina kun t\u00f6rm\u00e4t\u00e4\u00e4n mets\u00e4ll\u00e4, samalla j\u00e4senet tulisivat toisille tutuiksi. Jokainen on velvollinen tekem\u00e4\u00e4n Oma Riistaan tarvittavat saalisilmoitukset! \u00a0 \u00a0 Hirvenmets\u00e4stys 2025 Hirvenmets\u00e4styss\u00e4\u00e4nt\u00f6 Seuran mets\u00e4stysaluekoodi: 2HL2ATZL3M \u00a0 Mets\u00e4kanalinnun mets\u00e4stysajat\u00a0 Valtion asettaminen aikojen mukaisesti.\u00a0Aluekoodina toimii seuran mets\u00e4stysaluekoodi. \u00a0 Mets\u00e4styskortin numeron ilmoittamalla sihteerille, saat mets\u00e4stysalueen n\u00e4kym\u00e4\u00e4n &hellip; <\/p>\n<p class=\"link-more\"><a href=\"https:\/\/menkijarvenms.fi\/wp\/?page_id=33\" class=\"more-link\">Jatka lukemista<span class=\"screen-reader-text\"> &#8221;Mets\u00e4stys&#8221;<\/span><\/a><\/p>\n","protected":false},"author":1,"featured_media":0,"parent":0,"menu_order":0,"comment_status":"closed","ping_status":"closed","template":"","meta":{"footnotes":""},"class_list":["post-33","page","type-page","status-publish","hentry"],"jetpack_sharing_enabled":true,"_links":{"self":[{"href":"https:\/\/menkijarvenms.fi\/wp\/index.php?rest_route=\/wp\/v2\/pages\/33","targetHints":{"allow":["GET"]}}],"collection":[{"href":"https:\/\/menkijarvenms.fi\/wp\/index.php?rest_route=\/wp\/v2\/pages"}],"about":[{"href":"https:\/\/menkijarvenms.fi\/wp\/index.php?rest_route=\/wp\/v2\/types\/page"}],"author":[{"embeddable":true,"href":"https:\/\/menkijarvenms.fi\/wp\/index.php?rest_route=\/wp\/v2\/users\/1"}],"replies":[{"embeddable":true,"href":"https:\/\/menkijarvenms.fi\/wp\/index.php?rest_route=%2Fwp%2Fv2%2Fcomments&post=33"}],"version-history":[{"count":106,"href":"https:\/\/menkijarvenms.fi\/wp\/index.php?rest_route=\/wp\/v2\/pages\/33\/revisions"}],"predecessor-version":[{"id":1041,"href":"https:\/\/menkijarvenms.fi\/wp\/index.php?rest_route=\/wp\/v2\/pages\/33\/revisions\/1041"}],"wp:attachment":[{"href":"https:\/\/menkijarvenms.fi\/wp\/index.php?rest_route=%2Fwp%2Fv2%2Fmedia&parent=33"}],"curies":[{"name":"wp","href":"https:\/\/api.w.org\/{rel}","templated":true}]}}