{"id":32,"date":"2018-01-09T13:23:10","date_gmt":"2018-01-09T13:23:10","guid":{"rendered":"https:\/\/menkijarvenms.fi\/wp\/?page_id=32"},"modified":"2023-11-05T11:15:50","modified_gmt":"2023-11-05T09:15:50","slug":"seura","status":"publish","type":"page","link":"https:\/\/menkijarvenms.fi\/wp\/?page_id=32","title":{"rendered":"Seura"},"content":{"rendered":"<div class=\"rv-text-center\">\n<h2>Seuran\u00a0historia<\/h2>\n<p><span style=\"color: #060606;\">Menkij\u00e4rven mets\u00e4stysseura on perustettu 1.7.1973. L\u00e4sn\u00e4 perustavassa kokouksessa olivat seuraavat maanomistajat ja mets\u00e4st\u00e4j\u00e4t;<\/span><\/p>\n<p><span style=\"color: #060606;\">Mauno Haapa-aho, Erkki Sepp\u00e4l\u00e4, Olavi Peltonen,\u00a0<\/span><span style=\"color: #060606; font-size: 1rem;\">Urho Orava, Jouko M\u00e4kel\u00e4, Kaarlo Sepp\u00e4l\u00e4,\u00a0<\/span><span style=\"color: #060606; font-size: 1rem;\">Veikko Haapa-aho, Hannes Sepp\u00e4l\u00e4, Armas Winter, <\/span><span style=\"color: #060606; font-size: 1rem;\">Matti Sepp\u00e4l\u00e4,Yrj\u00f6 Kankaanp\u00e4\u00e4, Matti Syrj\u00e4l\u00e4,\u00a0<\/span><span style=\"color: #060606; font-size: 1rem;\">Toivo \u00c5ttman, Matti V\u00e4likangas, Raimo Kurunsaari, Aleksi Orava ja Kalevi Raja-aho.<\/span><\/p>\n<\/div>\n<div class=\"rv-text-center\">\n<p>J\u00e4senmaksu ensimm\u00e4iselle vuodelle oli 5 mk. Saaliskiinti\u00f6ksi p\u00e4\u00e4tettiin yksi j\u00e4nis tai kaksi teert\u00e4, lunastettua mets\u00e4styskorttia kohden p\u00e4iv\u00e4ss\u00e4. Ensimm\u00e4i<span style=\"color: #060606;\">set hirvipeijaiset pidettin jo saman vuoden joulukuussa<\/span><\/p>\n<p>Nykyinen j\u00e4senm\u00e4\u00e4r\u00e4 n. 150 ja mets\u00e4stysaluetta k\u00e4yt\u00f6ss\u00e4 n. 5400 hehtaaria. (11\/2023)<\/p>\n<\/div>\n<h4 class=\"rv-text-center\"><strong><a href=\"https:\/\/menkijarvenms.fi\/wp\/?page_id=658\"><span style=\"color: #060606;\">Mets\u00e4stysseuran s\u00e4\u00e4nn\u00f6t<\/span><\/a><\/strong><\/h4>\n<div><\/div>\n<h5><span style=\"color: #060606; font-family: Verdana;\"><a class=\"isLinks isWebsite\" href=\"http:\/\/www.menkijarvi.fi\/historiaa\/\" target=\"_self\" rel=\"noopener noreferrer\"><b>Menkij\u00e4rven historiasta voi lukea<br \/>\nkyl\u00e4yhdistyksen sivuilta<\/b><\/a><\/span><\/h5>\n","protected":false},"excerpt":{"rendered":"<p>Seuran\u00a0historia Menkij\u00e4rven mets\u00e4stysseura on perustettu 1.7.1973. L\u00e4sn\u00e4 perustavassa kokouksessa olivat seuraavat maanomistajat ja mets\u00e4st\u00e4j\u00e4t; Mauno Haapa-aho, Erkki Sepp\u00e4l\u00e4, Olavi Peltonen,\u00a0Urho Orava, Jouko M\u00e4kel\u00e4, Kaarlo Sepp\u00e4l\u00e4,\u00a0Veikko Haapa-aho, Hannes Sepp\u00e4l\u00e4, Armas Winter, Matti Sepp\u00e4l\u00e4,Yrj\u00f6 Kankaanp\u00e4\u00e4, Matti Syrj\u00e4l\u00e4,\u00a0Toivo \u00c5ttman, Matti V\u00e4likangas, Raimo Kurunsaari, Aleksi Orava ja Kalevi Raja-aho. J\u00e4senmaksu ensimm\u00e4iselle vuodelle oli 5 mk. Saaliskiinti\u00f6ksi p\u00e4\u00e4tettiin yksi j\u00e4nis &hellip; <\/p>\n<p class=\"link-more\"><a href=\"https:\/\/menkijarvenms.fi\/wp\/?page_id=32\" class=\"more-link\">Jatka lukemista<span class=\"screen-reader-text\"> &#8221;Seura&#8221;<\/span><\/a><\/p>\n","protected":false},"author":1,"featured_media":0,"parent":0,"menu_order":0,"comment_status":"closed","ping_status":"closed","template":"","meta":{"footnotes":""},"class_list":["post-32","page","type-page","status-publish","hentry"],"jetpack_sharing_enabled":true,"_links":{"self":[{"href":"https:\/\/menkijarvenms.fi\/wp\/index.php?rest_route=\/wp\/v2\/pages\/32","targetHints":{"allow":["GET"]}}],"collection":[{"href":"https:\/\/menkijarvenms.fi\/wp\/index.php?rest_route=\/wp\/v2\/pages"}],"about":[{"href":"https:\/\/menkijarvenms.fi\/wp\/index.php?rest_route=\/wp\/v2\/types\/page"}],"author":[{"embeddable":true,"href":"https:\/\/menkijarvenms.fi\/wp\/index.php?rest_route=\/wp\/v2\/users\/1"}],"replies":[{"embeddable":true,"href":"https:\/\/menkijarvenms.fi\/wp\/index.php?rest_route=%2Fwp%2Fv2%2Fcomments&post=32"}],"version-history":[{"count":7,"href":"https:\/\/menkijarvenms.fi\/wp\/index.php?rest_route=\/wp\/v2\/pages\/32\/revisions"}],"predecessor-version":[{"id":892,"href":"https:\/\/menkijarvenms.fi\/wp\/index.php?rest_route=\/wp\/v2\/pages\/32\/revisions\/892"}],"wp:attachment":[{"href":"https:\/\/menkijarvenms.fi\/wp\/index.php?rest_route=%2Fwp%2Fv2%2Fmedia&parent=32"}],"curies":[{"name":"wp","href":"https:\/\/api.w.org\/{rel}","templated":true}]}}