{"id":285,"date":"2018-07-31T22:06:14","date_gmt":"2018-07-31T20:06:14","guid":{"rendered":"https:\/\/menkijarvenms.fi\/wp\/?page_id=285"},"modified":"2025-07-16T18:32:16","modified_gmt":"2025-07-16T16:32:16","slug":"paivakortti","status":"publish","type":"page","link":"https:\/\/menkijarvenms.fi\/wp\/?page_id=285","title":{"rendered":"P\u00e4iv\u00e4kortti"},"content":{"rendered":"<p><strong>P\u00e4iv\u00e4kortin lunastus mets\u00e4styskaudella 2025-2026<\/strong><\/p>\n<p>P\u00e4iv\u00e4kortin hinta on 20 \u20ac\/vrk ja saaliskiinti\u00f6 on pois mets\u00e4stysis\u00e4nn\u00e4n<br \/>\nseuran m\u00e4\u00e4rittelemiss\u00e4 mets\u00e4styskiinti\u00f6ss\u00e4.<\/p>\n<p>Suorita maksu oheisilla tilitiedoilla ja t\u00e4yt\u00e4 alla oleva lomake.<\/p>\n<p><em>Maksun saaja: Menkij\u00e4rven mets\u00e4stysseura ry<\/em><br \/>\n<em>Tilinumero: <strong>FI22 5188 0720 1260 88<\/strong><\/em><br \/>\n<em>Summa: 20 \u20ac<\/em><br \/>\n<em>Viesti: P\u00e4iv\u00e4kortti +mets\u00e4st\u00e4j\u00e4n nimi<\/em><\/p>\n<div role=\"form\" class=\"wpcf7\" id=\"wpcf7-f319-o1\" lang=\"fi\" dir=\"ltr\">\n<div class=\"screen-reader-response\"><\/div>\n<form action=\"\/wp\/index.php?rest_route=%2Fwp%2Fv2%2Fpages%2F285#wpcf7-f319-o1\" method=\"post\" class=\"wpcf7-form\" novalidate=\"novalidate\">\n<div style=\"display: none;\">\n<input type=\"hidden\" name=\"_wpcf7\" value=\"319\" \/>\n<input type=\"hidden\" name=\"_wpcf7_version\" value=\"5.1.7\" \/>\n<input type=\"hidden\" name=\"_wpcf7_locale\" value=\"fi\" \/>\n<input type=\"hidden\" name=\"_wpcf7_unit_tag\" value=\"wpcf7-f319-o1\" \/>\n<input type=\"hidden\" name=\"_wpcf7_container_post\" value=\"0\" \/>\n<\/div>\n<p><label> P\u00e4iv\u00e4kortin lunastajan nimi (pakollinen)<br \/>\n    <span class=\"wpcf7-form-control-wrap your-name\"><input type=\"text\" name=\"your-name\" value=\"\" size=\"40\" class=\"wpcf7-form-control wpcf7-text wpcf7-validates-as-required\" aria-required=\"true\" aria-invalid=\"false\" \/><\/span> <\/label><\/p>\n<p><label> Puhelinnumero (pakollinen)<br \/>\n<span class=\"wpcf7-form-control-wrap tel-10\"><input type=\"tel\" name=\"tel-10\" value=\"\" size=\"40\" class=\"wpcf7-form-control wpcf7-text wpcf7-tel wpcf7-validates-as-required wpcf7-validates-as-tel\" aria-required=\"true\" aria-invalid=\"false\" \/><\/span> <\/label><\/p>\n<p><label> S\u00e4hk\u00f6posti (pakollinen)<br \/>\n    <span class=\"wpcf7-form-control-wrap your-email\"><input type=\"email\" name=\"your-email\" value=\"\" size=\"40\" class=\"wpcf7-form-control wpcf7-text wpcf7-email wpcf7-validates-as-required wpcf7-validates-as-email\" aria-required=\"true\" aria-invalid=\"false\" \/><\/span> <\/label><\/p>\n<p><label> Aihe<br \/>\n    [P\u00e4iv\u00e4kortin lunastus] <\/label><\/p>\n<p><label> Maksup\u00e4iv\u00e4m\u00e4\u00e4r\u00e4<br \/>\n<span class=\"wpcf7-form-control-wrap date-540\"><input type=\"date\" name=\"date-540\" value=\"\" class=\"wpcf7-form-control wpcf7-date wpcf7-validates-as-required wpcf7-validates-as-date\" aria-required=\"true\" aria-invalid=\"false\" \/><\/span> <\/label><\/p>\n<p><label> Mets\u00e4stysp\u00e4iv\u00e4<br \/>\n<span class=\"wpcf7-form-control-wrap date-52\"><input type=\"date\" name=\"date-52\" value=\"\" class=\"wpcf7-form-control wpcf7-date wpcf7-validates-as-required wpcf7-validates-as-date\" aria-required=\"true\" aria-invalid=\"false\" \/><\/span> <\/label><\/p>\n<p><label> Is\u00e4nn\u00e4n nimi<br \/>\n<span class=\"wpcf7-form-control-wrap text-935\"><input type=\"text\" name=\"text-935\" value=\"\" size=\"40\" class=\"wpcf7-form-control wpcf7-text wpcf7-validates-as-required\" aria-required=\"true\" aria-invalid=\"false\" \/><\/span> <\/label><\/p>\n<p><label> Lis\u00e4tietoa<br \/>\n<span class=\"wpcf7-form-control-wrap textarea-191\"><textarea name=\"textarea-191\" cols=\"40\" rows=\"10\" class=\"wpcf7-form-control wpcf7-textarea\" aria-invalid=\"false\"><\/textarea><\/span> <\/label><\/p>\n<p><input type=\"submit\" value=\"L\u00e4het\u00e4\" class=\"wpcf7-form-control wpcf7-submit\" \/><\/p>\n<p style=\"display: none !important;\" class=\"akismet-fields-container\" data-prefix=\"_wpcf7_ak_\"><label>&#916;<textarea name=\"_wpcf7_ak_hp_textarea\" cols=\"45\" rows=\"8\" maxlength=\"100\"><\/textarea><\/label><input type=\"hidden\" id=\"ak_js_1\" name=\"_wpcf7_ak_js\" value=\"53\"\/><script>document.getElementById( \"ak_js_1\" ).setAttribute( \"value\", ( new Date() ).getTime() );<\/script><\/p><div class=\"wpcf7-response-output wpcf7-display-none\"><\/div><\/form><\/div>\n","protected":false},"excerpt":{"rendered":"<p>P\u00e4iv\u00e4kortin lunastus mets\u00e4styskaudella 2025-2026 P\u00e4iv\u00e4kortin hinta on 20 \u20ac\/vrk ja saaliskiinti\u00f6 on pois mets\u00e4stysis\u00e4nn\u00e4n seuran m\u00e4\u00e4rittelemiss\u00e4 mets\u00e4styskiinti\u00f6ss\u00e4. Suorita maksu oheisilla tilitiedoilla ja t\u00e4yt\u00e4 alla oleva lomake. Maksun saaja: Menkij\u00e4rven mets\u00e4stysseura ry Tilinumero: FI22 5188 0720 1260 88 Summa: 20 \u20ac Viesti: P\u00e4iv\u00e4kortti +mets\u00e4st\u00e4j\u00e4n nimi<\/p>\n","protected":false},"author":1,"featured_media":0,"parent":33,"menu_order":1,"comment_status":"closed","ping_status":"closed","template":"","meta":{"footnotes":""},"class_list":["post-285","page","type-page","status-publish","hentry"],"jetpack_sharing_enabled":true,"_links":{"self":[{"href":"https:\/\/menkijarvenms.fi\/wp\/index.php?rest_route=\/wp\/v2\/pages\/285","targetHints":{"allow":["GET"]}}],"collection":[{"href":"https:\/\/menkijarvenms.fi\/wp\/index.php?rest_route=\/wp\/v2\/pages"}],"about":[{"href":"https:\/\/menkijarvenms.fi\/wp\/index.php?rest_route=\/wp\/v2\/types\/page"}],"author":[{"embeddable":true,"href":"https:\/\/menkijarvenms.fi\/wp\/index.php?rest_route=\/wp\/v2\/users\/1"}],"replies":[{"embeddable":true,"href":"https:\/\/menkijarvenms.fi\/wp\/index.php?rest_route=%2Fwp%2Fv2%2Fcomments&post=285"}],"version-history":[{"count":12,"href":"https:\/\/menkijarvenms.fi\/wp\/index.php?rest_route=\/wp\/v2\/pages\/285\/revisions"}],"predecessor-version":[{"id":996,"href":"https:\/\/menkijarvenms.fi\/wp\/index.php?rest_route=\/wp\/v2\/pages\/285\/revisions\/996"}],"up":[{"embeddable":true,"href":"https:\/\/menkijarvenms.fi\/wp\/index.php?rest_route=\/wp\/v2\/pages\/33"}],"wp:attachment":[{"href":"https:\/\/menkijarvenms.fi\/wp\/index.php?rest_route=%2Fwp%2Fv2%2Fmedia&parent=285"}],"curies":[{"name":"wp","href":"https:\/\/api.w.org\/{rel}","templated":true}]}}