{"id":235,"date":"2020-05-07T20:48:54","date_gmt":"2020-05-07T18:48:54","guid":{"rendered":"https:\/\/menkijarvenms.fi\/wp\/?page_id=235"},"modified":"2020-11-17T21:45:58","modified_gmt":"2020-11-17T19:45:58","slug":"jasenanomus","status":"publish","type":"page","link":"https:\/\/menkijarvenms.fi\/wp\/?page_id=235","title":{"rendered":"Seuran j\u00e4seneksi?"},"content":{"rendered":"\n<p>Menkij\u00e4rven mets\u00e4stysseuran j\u00e4senanomuksen voit nyt tehd\u00e4 mets\u00e4st\u00e4j\u00e4liiton s\u00e4hk\u00f6isell\u00e4 j\u00e4senanomuksella.  <br><br><a rel=\"noreferrer noopener\" href=\"https:\/\/metsorekisteri.metsastajaliitto.fi\/verkkolomakkeet\/Jasenhakemus\/Yhdistys?organisaatio=2403780\" target=\"_blank\">J\u00e4senanomukseen p\u00e4\u00e4set t\u00e4st\u00e4<\/a><\/p>\n\n\n\n<p><\/p>\n","protected":false},"excerpt":{"rendered":"<p>Menkij\u00e4rven mets\u00e4stysseuran j\u00e4senanomuksen voit nyt tehd\u00e4 mets\u00e4st\u00e4j\u00e4liiton s\u00e4hk\u00f6isell\u00e4 j\u00e4senanomuksella. J\u00e4senanomukseen p\u00e4\u00e4set t\u00e4st\u00e4<\/p>\n","protected":false},"author":1,"featured_media":0,"parent":0,"menu_order":0,"comment_status":"closed","ping_status":"closed","template":"","meta":{"footnotes":""},"class_list":["post-235","page","type-page","status-publish","hentry"],"jetpack_sharing_enabled":true,"_links":{"self":[{"href":"https:\/\/menkijarvenms.fi\/wp\/index.php?rest_route=\/wp\/v2\/pages\/235","targetHints":{"allow":["GET"]}}],"collection":[{"href":"https:\/\/menkijarvenms.fi\/wp\/index.php?rest_route=\/wp\/v2\/pages"}],"about":[{"href":"https:\/\/menkijarvenms.fi\/wp\/index.php?rest_route=\/wp\/v2\/types\/page"}],"author":[{"embeddable":true,"href":"https:\/\/menkijarvenms.fi\/wp\/index.php?rest_route=\/wp\/v2\/users\/1"}],"replies":[{"embeddable":true,"href":"https:\/\/menkijarvenms.fi\/wp\/index.php?rest_route=%2Fwp%2Fv2%2Fcomments&post=235"}],"version-history":[{"count":4,"href":"https:\/\/menkijarvenms.fi\/wp\/index.php?rest_route=\/wp\/v2\/pages\/235\/revisions"}],"predecessor-version":[{"id":620,"href":"https:\/\/menkijarvenms.fi\/wp\/index.php?rest_route=\/wp\/v2\/pages\/235\/revisions\/620"}],"wp:attachment":[{"href":"https:\/\/menkijarvenms.fi\/wp\/index.php?rest_route=%2Fwp%2Fv2%2Fmedia&parent=235"}],"curies":[{"name":"wp","href":"https:\/\/api.w.org\/{rel}","templated":true}]}}