{"id":198,"date":"2018-01-09T21:06:14","date_gmt":"2018-01-09T19:06:14","guid":{"rendered":"https:\/\/menkijarvenms.fi\/wp\/?page_id=198"},"modified":"2025-03-15T20:23:42","modified_gmt":"2025-03-15T18:23:42","slug":"seuran-johtokunta","status":"publish","type":"page","link":"https:\/\/menkijarvenms.fi\/wp\/?page_id=198","title":{"rendered":"Seuran johtokunta"},"content":{"rendered":"<p style=\"text-align: center;\"><i><b>Puheenjohtaja<\/b><\/i><br \/>\nJarmo Sepp\u00e4l\u00e4<br \/>\n040 &#8211; 596 0071<br \/>\npuheenjohtaja@menkijarvenms.fi<\/p>\n<p style=\"text-align: center;\"><b><i>Sihteeri<\/i><\/b><br \/>\nOrava Sofia<br \/>\n045 &#8211; 316 6798<br \/>\ninfo@menkijarvenms.fi<\/p>\n<p style=\"text-align: center;\"><i><b>Rahastonhoitaja<\/b><\/i><br \/>\nSalmenkangas Mikko<br \/>\n040 &#8211; 543 7380<\/p>\n<p style=\"text-align: center;\"><i><b>J\u00e4sen<\/b><\/i><br \/>\nHaapa-aho Kari<br \/>\nKankaanp\u00e4\u00e4 Harri<br \/>\nLassila Markku<br \/>\nOrava Aimo<br \/>\nOrava Jari<br \/>\nPitk\u00e4kangas Teuvo<br \/>\nV\u00e4lisaari Teemu<\/p>\n","protected":false},"excerpt":{"rendered":"<p>Puheenjohtaja Jarmo Sepp\u00e4l\u00e4 040 &#8211; 596 0071 puheenjohtaja@menkijarvenms.fi Sihteeri Orava Sofia 045 &#8211; 316 6798 info@menkijarvenms.fi Rahastonhoitaja Salmenkangas Mikko 040 &#8211; 543 7380 J\u00e4sen Haapa-aho Kari Kankaanp\u00e4\u00e4 Harri Lassila Markku Orava Aimo Orava Jari Pitk\u00e4kangas Teuvo V\u00e4lisaari Teemu<\/p>\n","protected":false},"author":1,"featured_media":0,"parent":32,"menu_order":2,"comment_status":"closed","ping_status":"closed","template":"","meta":{"footnotes":""},"class_list":["post-198","page","type-page","status-publish","hentry"],"jetpack_sharing_enabled":true,"_links":{"self":[{"href":"https:\/\/menkijarvenms.fi\/wp\/index.php?rest_route=\/wp\/v2\/pages\/198","targetHints":{"allow":["GET"]}}],"collection":[{"href":"https:\/\/menkijarvenms.fi\/wp\/index.php?rest_route=\/wp\/v2\/pages"}],"about":[{"href":"https:\/\/menkijarvenms.fi\/wp\/index.php?rest_route=\/wp\/v2\/types\/page"}],"author":[{"embeddable":true,"href":"https:\/\/menkijarvenms.fi\/wp\/index.php?rest_route=\/wp\/v2\/users\/1"}],"replies":[{"embeddable":true,"href":"https:\/\/menkijarvenms.fi\/wp\/index.php?rest_route=%2Fwp%2Fv2%2Fcomments&post=198"}],"version-history":[{"count":9,"href":"https:\/\/menkijarvenms.fi\/wp\/index.php?rest_route=\/wp\/v2\/pages\/198\/revisions"}],"predecessor-version":[{"id":992,"href":"https:\/\/menkijarvenms.fi\/wp\/index.php?rest_route=\/wp\/v2\/pages\/198\/revisions\/992"}],"up":[{"embeddable":true,"href":"https:\/\/menkijarvenms.fi\/wp\/index.php?rest_route=\/wp\/v2\/pages\/32"}],"wp:attachment":[{"href":"https:\/\/menkijarvenms.fi\/wp\/index.php?rest_route=%2Fwp%2Fv2%2Fmedia&parent=198"}],"curies":[{"name":"wp","href":"https:\/\/api.w.org\/{rel}","templated":true}]}}