{"id":187,"date":"2018-01-09T16:12:58","date_gmt":"2018-01-09T14:12:58","guid":{"rendered":"https:\/\/menkijarvenms.fi\/wp\/?page_id=187"},"modified":"2018-08-12T10:18:23","modified_gmt":"2018-08-12T08:18:23","slug":"hirvenmetsastyssaanto","status":"publish","type":"page","link":"https:\/\/menkijarvenms.fi\/wp\/?page_id=187","title":{"rendered":"Hirvenmets\u00e4styss\u00e4\u00e4nt\u00f6"},"content":{"rendered":"<p><strong>HIRVENMETS\u00c4STYSS\u00c4\u00c4NT\u00d6\u00a0<\/strong><\/p>\n<p>YLEIST\u00c4<\/p>\n<ol>\n<li>Mets\u00e4styksen suunnittelussa ja toteutuksessa noudatetaan voimassa olevaa lains\u00e4\u00e4d\u00e4nt\u00f6\u00e4, hyvi\u00e4 mets\u00e4stystapoja ja mets\u00e4stysseuran s\u00e4\u00e4nt\u00f6j\u00e4 sek\u00e4 naapuriseurojen kanssa tehtyj\u00e4 sopimuksia.<\/li>\n<li>Kaadettavaksi anottavien hirvien lukum\u00e4\u00e4r\u00e4 sopeutetaan alueen hirvikannan vuosituottoon, hirvitutkimuksen ja luvanmy\u00f6nt\u00e4j\u00e4n suosituksiin sek\u00e4 maa- ja mets\u00e4talouden ja tieliikenteen vahinkom\u00e4\u00e4riin.<\/li>\n<li>Mets\u00e4styksess\u00e4 noudatetaan tasavertaisuusperiaatetta eli seurueen j\u00e4senill\u00e4 on yht\u00e4l\u00e4iset oikeudet ja velvollisuudet, ellei seuran s\u00e4\u00e4nn\u00f6iss\u00e4 toisin m\u00e4\u00e4r\u00e4t\u00e4.<\/li>\n<li>Seuran hirvenmets\u00e4styss\u00e4\u00e4nt\u00f6 k\u00e4sitell\u00e4\u00e4n ja vahvistetaan vuosittain vuosi- tai syys\/kes\u00e4kokouksessa ja se saatetaan kaikkien seurueen j\u00e4senten tietoon ennen mets\u00e4stykseen ryhtymist\u00e4.<\/li>\n<\/ol>\n<p>METS\u00c4STYSMAAT, YHTEISTOIMINTA<\/p>\n<ol>\n<li>Seuran mets\u00e4stysmaiden vuokrauksesta vastaa johtokunta tai sen erikseen valtuuttamat seuran j\u00e4senet.<\/li>\n<li>Mets\u00e4stysalueista pidet\u00e4\u00e4n ajantasalla olevaa kartastoa, joka on my\u00f6s hirviseurueen k\u00e4yt\u00f6ss\u00e4.<\/li>\n<li>Seura voi erillisp\u00e4\u00e4t\u00f6ksin ja erillissopimuksin kuulua hirvenmets\u00e4styksen ns. yhteislupaan.<\/li>\n<\/ol>\n<p>KAATOLUVAT<\/p>\n<ol>\n<li>Kaatolupa-anomuksen tekemisest\u00e4 vastaa seuran johtokunta tai sen erikseen valtuuttamat j\u00e4senet, hirvijaosto tai hirviseurueen johto.<\/li>\n<li>Kaatolupa-asioista seuran puolesta neuvottelevat lupa-anomuksen k\u00e4sittelij\u00e4n, luvan my\u00f6nt\u00e4j\u00e4n ja mahdollisten yhteislupakumppaneiden kanssa seuran nimenkirjoittajat tai vuosikokouksen tai johtokunnan teht\u00e4v\u00e4\u00e4n nime\u00e4m\u00e4t j\u00e4senet tai seurueen mets\u00e4styksenjohtaja.<\/li>\n<\/ol>\n<p>OSALLISTUMISOIKEUS JA SEURUEEN MUODOSTAMINEN<\/p>\n<ol>\n<li>Hirvenmets\u00e4stykseen osallistumaan oikeutettuja ovat kaikki seuran j\u00e4senet, ellei seuran s\u00e4\u00e4nn\u00f6iss\u00e4 ole muuta j\u00e4senyyslajiin liittyv\u00e4\u00e4 erityisehtoa.<\/li>\n<li>Seuran hirviseurue muodostetaan, ellei seuran s\u00e4\u00e4nn\u00f6iss\u00e4 muuta todeta, vuosittain seuran yleisen vuosi- tai kes\u00e4\/syyskokouksen yhteydess\u00e4.<\/li>\n<li>Hirviseurueeseen liittyminen tapahtuu ilmoittautumalla seurueen perustavassa kokouksessa tai ilmoittamalla siit\u00e4 mets\u00e4styksenjohtajalle elokuun loppuun menness\u00e4 tai<br \/>\nmuulla erikseen sovitulla tavalla.<\/li>\n<li>Ampujana mets\u00e4stykseen osallistuvalla j\u00e4senell\u00e4 tulee olla suoritettuna voimassa oleva ampumakoe.<\/li>\n<\/ol>\n<p>METS\u00c4STYKSEN JOHTO JA MUU TEHT\u00c4V\u00c4JAKO<\/p>\n<ol>\n<li>Seuran hirvenmets\u00e4styksen johtajan ja tarvittavan m\u00e4\u00e4r\u00e4n varajohtajia valitsee vuosittain, seuran s\u00e4\u00e4nn\u00f6ist\u00e4 ja k\u00e4yt\u00e4nn\u00f6st\u00e4 riippuen, seuran vuosi- tai kes\u00e4\/syyskokous, seuran johtokunta, hirvijaosto tai muodostettu hirviseurue.<\/li>\n<li>Hirviseurueen tarvitsemat muut toimihenkil\u00f6t (esim. sihteeri, passilohkojen vet\u00e4j\u00e4t, saalisk\u00e4sittelij\u00e4t, j\u00e4lkitunnustelijat, tilastojen pit\u00e4j\u00e4t, jne) seurue valitsee keskuudestaan.<\/li>\n<li>Seurueen kokoontumisista ja niiss\u00e4 tehdyist\u00e4 p\u00e4\u00e4t\u00f6ksist\u00e4 pidet\u00e4\u00e4n kirjaa mets\u00e4styksenjohtajan johdolla.<\/li>\n<li>Mets\u00e4styskauden tapahtumat ja havainnot kirjataan tilastointia, seuran vuosikertomusta, riistalaskentaa ja sidosryhmien tarpeita sek\u00e4 seuran omaa arkistointia varten.<\/li>\n<\/ol>\n<p>METS\u00c4STYKSEN ALOITTAMINEN JA METS\u00c4STYSK\u00c4YT\u00c4NN\u00d6T<\/p>\n<ol>\n<li>Mets\u00e4styskauden aloittamisesta p\u00e4\u00e4tet\u00e4\u00e4n seurueen perustavassa kokouksessa ja ajankohta tiedotetaan kokouksesta poissa olleille seuran j\u00e4senille.<\/li>\n<li>yleisi\u00e4 seurueen mets\u00e4stysp\u00e4ivi\u00e4 ovat hirvenmets\u00e4styskauden viikonvaihteet (la-su). Muina p\u00e4ivin\u00e4 tapahtuvasta mets\u00e4styksest\u00e4 p\u00e4\u00e4tt\u00e4\u00e4 mets\u00e4styksenjohtaja.<\/li>\n<li>Hirvikoirien k\u00e4yt\u00f6st\u00e4 ja k\u00e4ytt\u00f6vuoroista sovitaan hyviss\u00e4ajoin etuk\u00e4teen. Tulkintatilanteet ratkaisee mets\u00e4styksenjohtaja tasapuolisuutta noudattaen.<\/li>\n<\/ol>\n<p>OSALLISTUMISVELVOLLISUUS<\/p>\n<ol>\n<li>Hirviseurueen j\u00e4senten velvollisuudesta osallista mets\u00e4stykseen ns. yleisin\u00e4 mets\u00e4stysp\u00e4ivin\u00e4 p\u00e4\u00e4tet\u00e4\u00e4n hirviseurueen vuosittaisessa perustavassa kokouksessa. Seurueen j\u00e4senet ovat velvollisia osallistumaan my\u00f6s mets\u00e4stykseen liittyviin oheistoimintoihin.<\/li>\n<li>Mets\u00e4stykseen liittyviksi oheistoiminnoiksi n\u00e4iss\u00e4 s\u00e4\u00e4nn\u00f6iss\u00e4 luetaan mm. saaliink\u00e4sittelyyn liittyv\u00e4t toimet, v\u00e4linehuolto, saaliink\u00e4sittelypaikan ja mets\u00e4stysmajan puhtaanapito ja hoito, passipaikkahuolto sek\u00e4 peijaiset valmisteluineen.<\/li>\n<li>Seuraamuksettomia vapaap\u00e4ivi\u00e4 yleisiksi sovituista mets\u00e4stysp\u00e4ivist\u00e4 seurueen j\u00e4senell\u00e4 on perustamiskokouksen mukaisesti mets\u00e4styskauden aikana ___ tai on osallistumisvelvollisuus sovittuihin jahteihin ____ mets\u00e4stysp\u00e4iv\u00e4\u00e4.<\/li>\n<li>Seurueen j\u00e4senten mets\u00e4styksest\u00e4 poissaolop\u00e4ivilt\u00e4, jotka ylitt\u00e4v\u00e4t 7.4. kohdan kiinti\u00f6n, j\u00e4sen maksaa seuran tilille _____ \u20ac\/poissaolop\u00e4iv\u00e4 tai<br \/>\nkorvaa sen ______________________________________________ tavalla.<\/li>\n<\/ol>\n<p>AMPUMATAITO, SAALIINK\u00c4SITTELY<\/p>\n<ol>\n<li>Jokaisella ampujana mets\u00e4stykseen osallistuvalla on velvollisuus hankkia riitt\u00e4v\u00e4n ampumataidon lis\u00e4ksi riitt\u00e4v\u00e4 valmius saaliin k\u00e4sittelyvaiheisiin.<\/li>\n<li>Ellei mets\u00e4styksenjohtaja toisin m\u00e4\u00e4r\u00e4\u00e4, ampujan on suoritettava kaatolaukauksen j\u00e4lkeen saaliin pist\u00e4minen.<\/li>\n<li>Saalista tai sen arvoa ei tule vaarantaa tarpeettomasti ampumalla, taitamattomalla armonlaukauksella\/-silla, ep\u00e4hygienialla tai muulla tavalla.<\/li>\n<li>Jokainen seurueen j\u00e4sen on velvollinen osallistumaan tarvittaessa saaliin k\u00e4sittelyyn.<\/li>\n<\/ol>\n<p>HAAVOITTAMISTILANNE<\/p>\n<ol>\n<li>Ampujan tulee aina seurata tarkkaan hirven k\u00e4ytt\u00e4ytyminen siihen ammutun laukauksen j\u00e4lkeen.<\/li>\n<li>Mik\u00e4li hirvi ei kaadu ampujan n\u00e4k\u00f6- tai kuuloet\u00e4isyydelle, t\u00e4m\u00e4n tulee: *ilmoittaa ennakolta sovitulla tavalla tilanteesta mets\u00e4styksenjohtajalle *merkit\u00e4 tarkoin ja selv\u00e4sti oma paikkansa laukaisuhetkell\u00e4 *merkit\u00e4 tarkoin ja selv\u00e4sti hirven sijainti ampumishetkell\u00e4 Mik\u00e4li mets\u00e4styksenjohtaja ei ole toisin m\u00e4\u00e4r\u00e4nnyt, ampuja saa seurata haavoitetun hirven j\u00e4lki\u00e4, ne merkiten ja sotkematta, enint\u00e4\u00e4n 150 metri\u00e4. Ammutun hirven j\u00e4ljille l\u00e4hteminen on aina ilmoitettava naapuripasseille<\/li>\n<\/ol>\n<p>KAATAJAM\u00c4\u00c4RITYS<\/p>\n<p>Tulkintatilanteissa hirven kaatajaksi nimet\u00e4\u00e4n henkil\u00f6, joka on todenn\u00e4k\u00f6isimmin ampunut siihen ensimm\u00e4isen\u00e4 tappavan osuman. Sellaiseksi katsotaan laukaus, joka normaalisti tappaa el\u00e4imen kahdessa tunnissa osumasta. Tulkintatilanteissa kaatajan nime\u00e4misen tekee mets\u00e4styksenjohtaja kuultuaan kaikkia tapahtuman osapuolia ja muita todistajia. Tulkintatilanteissa kaatajiksi on nimett\u00e4viss\u00e4 useampikin henkil\u00f6, jotka jakavat kaatajalle kuuluvan saalisosuuden kesken\u00e4\u00e4n.<\/p>\n<p>SAALIIN JAKO<\/p>\n<p>Kaadetun hirven nahka, p\u00e4\u00e4 mahdollisine sarvineen ja sy\u00f6t\u00e4v\u00e4t sis\u00e4elimet kuuluvat mets\u00e4stysperinteiden mukaisesti hirvenkaatajalle, poislukien mets\u00e4stysvieraat, joiden osuudesta sovitaan etuk\u00e4teen. Kaadetusta hirvest\u00e4 toimitetaan kunnolliset paisti- ja\/tai keittotarpeet sille maanomistajalle, jonka omistamalle vuokramaalle hirvi kaatui. T\u00e4m\u00e4 ns. kiitospala voidaan korvata my\u00f6s muulla seuran perinteiden mukaisella tavalla. Lihanjako tapahtuu seurueen t\u00e4ysivaltaisten j\u00e4senten kesken tasaosuuksin, jotka jatkotilanteessa arvotaan. Mets\u00e4stysvieraiden saalisosuuksista p\u00e4\u00e4tet\u00e4\u00e4n ennen vieraan mets\u00e4styksen aloittamista.<\/p>\n<p>RIKKOMUSSEURAAMUKSET, ERIMIELISYYSRATKAISUT<\/p>\n<p>Mets\u00e4styksenjohtaja ilmoittaa mets\u00e4styksen yhteydess\u00e4 tapahtuneista mets\u00e4styslains\u00e4\u00e4d\u00e4nn\u00f6n rikkomisista viranomaisille. H\u00e4nen velvollisuutensa on huolehtia my\u00f6s muista s\u00e4\u00e4d\u00f6sten edellytt\u00e4mist\u00e4 ilmoitusvelvollisuuksista. Seuran s\u00e4\u00e4nt\u00f6jen, t\u00e4m\u00e4n mets\u00e4styss\u00e4\u00e4nn\u00f6n, hyvien mets\u00e4stystapojen tai mets\u00e4styksenjohtajan ohjeiden ja m\u00e4\u00e4r\u00e4ysten rikkomisen k\u00e4sittelev\u00e4t v\u00e4litt\u00f6m\u00e4sti mets\u00e4styksenjohtajat yhdess\u00e4. Seurueen j\u00e4senten kesken mahdollisesti syntyv\u00e4t erimielisyydet on saatettava mets\u00e4styksenjohtajien tietoon, joiden puolestaan tulee toimia v\u00e4limiehin\u00e4 ja m\u00e4\u00e4r\u00e4t\u00e4 erimielisyyksille ratkaisumalli mahdollisimman nopeasti. Rikkomuksista seurueen j\u00e4senille m\u00e4\u00e4r\u00e4tt\u00e4vien seuraamusten tulee olla perusteltuja ja kohtuullisia.<\/p>\n<p>PEIJAISET<\/p>\n<p>Peijaiset ovat yksi tapa kiitt\u00e4\u00e4 mets\u00e4stysmaiden vuokraajia seuran toimintamahdollisuuksista. Peijaistapahtumalla edistet\u00e4\u00e4n ja lujitetaan seuran\/seurueen ja maanomistajien sek\u00e4 muiden sidosryhmien v\u00e4list\u00e4 yhteistoimintaa. Peijaistapahtuman j\u00e4rjest\u00e4miseen ja peijaisiin osallistumisvelvollisia ovat mahdollisuuksiensa mukaan kaikki seurueen j\u00e4senet. Peijaisryhm\u00e4 toimii tiiviiss\u00e4 yhteisty\u00f6ss\u00e4 seuran johtokunnan, mets\u00e4styksen johtajiston ja hirviseurueen kanssa.<\/p>\n<p>KUSTANNUKSET<\/p>\n<p>Hirviseurueen kulut ja kulujen rahoitus ovat osa seuran varainhoitoa ja kirjanpitoa. Hirviseurueen kulujen yhteism\u00e4\u00e4r\u00e4 jaetaan tasan seurueen jako-osuuksilla olevien j\u00e4senten kesken. Hirviseurueen kulut muodostuvat mm. seuraavista menoerist\u00e4: lupamaksut yhteishankinnat peijaiskulut pelkkien hirvimaiden vuokrakulut muut kulut<\/p>\n<p>&nbsp;<\/p>\n<p>Mahdolliset seurueen tuotot v\u00e4hennet\u00e4\u00e4n kulujen yhteism\u00e4\u00e4r\u00e4st\u00e4 ennen jako-osuuksien laskemista. Mets\u00e4stysseura voi tukea erillisp\u00e4\u00e4t\u00f6ksin hirviseuruetta esim. peijaiskulujen kattamisessa osana maanomistajille ja muille paikkakuntalaisille suuntautuvaa suhdetoimintaansa.<\/p>\n<p>YHTEISTOIMINTA<\/p>\n<p>Seuran mahdollisesta osallistumisesta naapurianojien kanssa yhteiseen kaatolupaan (ns. yhteisanomus) p\u00e4\u00e4tet\u00e4\u00e4n vuosittain seuran vuosikokouksessa. Yhteisluvalla mets\u00e4st\u00e4vien osapuolten v\u00e4lill\u00e4 on kirjallisena erillinen yhteistoimintasopimus, jonka sis\u00e4lt\u00f6 saatetaan seurueen j\u00e4senten tietoon.<\/p>\n<p>METS\u00c4STYSVIERAAT<\/p>\n<p>Hirviseurue voi ottaa jahteihinsa mets\u00e4stysvieraita. P\u00e4\u00e4t\u00f6ksen vieraiden ottamisesta voi tehd\u00e4 joko seura, seuran johtokunta tai hirviseurue. Mets\u00e4stysvieraiden osalta p\u00e4\u00e4t\u00f6kset jahtij\u00e4rjestelyist\u00e4 tekee hirviseurue. Vieraiden is\u00e4nnyydest\u00e4 sek\u00e4 mets\u00e4stykseen ja mets\u00e4styss\u00e4\u00e4nt\u00f6ihin perehdytt\u00e4jist\u00e4 p\u00e4\u00e4tet\u00e4\u00e4n ennen vieraan mets\u00e4styksen aloittamista. Vierailta peritt\u00e4vist\u00e4 maksuista p\u00e4\u00e4tt\u00e4\u00e4 seuran vuosikokous tai seuran johtokunta tahi jommankumman valtuuttamana hirviseurue.<\/p>\n<p>METS\u00c4STYSS\u00c4\u00c4NN\u00d6N TUNTEMUS<\/p>\n<p>Jokainen seurueen j\u00e4sen ja mets\u00e4stysvieras on velvollinen perehtym\u00e4\u00e4n vuosittain vahvistettavaan mets\u00e4styss\u00e4\u00e4nt\u00f6\u00f6n ja noudattamaan sit\u00e4. T\u00e4m\u00e4 mets\u00e4styss\u00e4\u00e4nt\u00f6 jaetaan seurueen j\u00e4senille ja mets\u00e4stysvieraille kirjallisena ennen mets\u00e4styksen aloittamista kuittausta vastaan.<\/p>\n","protected":false},"excerpt":{"rendered":"<p>HIRVENMETS\u00c4STYSS\u00c4\u00c4NT\u00d6\u00a0 YLEIST\u00c4 Mets\u00e4styksen suunnittelussa ja toteutuksessa noudatetaan voimassa olevaa lains\u00e4\u00e4d\u00e4nt\u00f6\u00e4, hyvi\u00e4 mets\u00e4stystapoja ja mets\u00e4stysseuran s\u00e4\u00e4nt\u00f6j\u00e4 sek\u00e4 naapuriseurojen kanssa tehtyj\u00e4 sopimuksia. Kaadettavaksi anottavien hirvien lukum\u00e4\u00e4r\u00e4 sopeutetaan alueen hirvikannan vuosituottoon, hirvitutkimuksen ja luvanmy\u00f6nt\u00e4j\u00e4n suosituksiin sek\u00e4 maa- ja mets\u00e4talouden ja tieliikenteen vahinkom\u00e4\u00e4riin. Mets\u00e4styksess\u00e4 noudatetaan tasavertaisuusperiaatetta eli seurueen j\u00e4senill\u00e4 on yht\u00e4l\u00e4iset oikeudet ja velvollisuudet, ellei seuran s\u00e4\u00e4nn\u00f6iss\u00e4 toisin m\u00e4\u00e4r\u00e4t\u00e4. &hellip; <\/p>\n<p class=\"link-more\"><a href=\"https:\/\/menkijarvenms.fi\/wp\/?page_id=187\" class=\"more-link\">Jatka lukemista<span class=\"screen-reader-text\"> &#8221;Hirvenmets\u00e4styss\u00e4\u00e4nt\u00f6&#8221;<\/span><\/a><\/p>\n","protected":false},"author":1,"featured_media":0,"parent":33,"menu_order":3,"comment_status":"closed","ping_status":"closed","template":"","meta":{"footnotes":""},"class_list":["post-187","page","type-page","status-publish","hentry"],"jetpack_sharing_enabled":true,"_links":{"self":[{"href":"https:\/\/menkijarvenms.fi\/wp\/index.php?rest_route=\/wp\/v2\/pages\/187","targetHints":{"allow":["GET"]}}],"collection":[{"href":"https:\/\/menkijarvenms.fi\/wp\/index.php?rest_route=\/wp\/v2\/pages"}],"about":[{"href":"https:\/\/menkijarvenms.fi\/wp\/index.php?rest_route=\/wp\/v2\/types\/page"}],"author":[{"embeddable":true,"href":"https:\/\/menkijarvenms.fi\/wp\/index.php?rest_route=\/wp\/v2\/users\/1"}],"replies":[{"embeddable":true,"href":"https:\/\/menkijarvenms.fi\/wp\/index.php?rest_route=%2Fwp%2Fv2%2Fcomments&post=187"}],"version-history":[{"count":1,"href":"https:\/\/menkijarvenms.fi\/wp\/index.php?rest_route=\/wp\/v2\/pages\/187\/revisions"}],"predecessor-version":[{"id":188,"href":"https:\/\/menkijarvenms.fi\/wp\/index.php?rest_route=\/wp\/v2\/pages\/187\/revisions\/188"}],"up":[{"embeddable":true,"href":"https:\/\/menkijarvenms.fi\/wp\/index.php?rest_route=\/wp\/v2\/pages\/33"}],"wp:attachment":[{"href":"https:\/\/menkijarvenms.fi\/wp\/index.php?rest_route=%2Fwp%2Fv2%2Fmedia&parent=187"}],"curies":[{"name":"wp","href":"https:\/\/api.w.org\/{rel}","templated":true}]}}